{"id":439,"date":"2025-09-02T21:05:10","date_gmt":"2025-09-02T21:05:10","guid":{"rendered":"https:\/\/diefamiliehummel.de\/?page_id=439"},"modified":"2026-02-26T13:16:42","modified_gmt":"2026-02-26T13:16:42","slug":"einladung","status":"publish","type":"page","link":"https:\/\/diefamiliehummel.de\/index.php\/einladung\/","title":{"rendered":"Einladung"},"content":{"rendered":"\t\t<div data-elementor-type=\"wp-page\" data-elementor-id=\"439\" class=\"elementor elementor-439\">\n\t\t\t\t<div class=\"elementor-element elementor-element-b9370d1 e-flex e-con-boxed e-con e-parent\" data-id=\"b9370d1\" data-element_type=\"container\">\n\t\t\t\t\t<div class=\"e-con-inner\">\n\t\t\t\t<div class=\"elementor-element elementor-element-72fbacf elementor-widget elementor-widget-text-editor\" data-id=\"72fbacf\" data-element_type=\"widget\" data-widget_type=\"text-editor.default\">\n\t\t\t\t<div class=\"elementor-widget-container\">\n\t\t\t\t\t\t\t\t\t<h2 style=\"text-align: center;\"><strong>Wichtiger Hinweis f\u00fcr unsere G\u00e4ste von weiter entfernt: <\/strong><\/h2><p style=\"text-align: center;\">Ein <span style=\"color: #ff6600;\"><strong>Shuttle-Service<\/strong><\/span> bringt euch Sicher zu eurer Unterkunft in der n\u00e4heren Umgebung oder zum Bahnhof Schl\u00fcchtern oder Bahnhof Flieden<\/p><p style=\"text-align: center;\"><span style=\"text-decoration: underline;\"><strong>Unterk\u00fcnfte in n\u00e4herer Umgebung: <\/strong><\/span><\/p><p style=\"text-align: center;\">&#8211; <strong>SL\u00dc-Hotels<\/strong> (https:\/\/slue-hotel.de\/)<\/p><p style=\"text-align: center;\">&#8211; <strong>Zum Ochsen Flieden<\/strong> (https:\/\/www.booking.com\/Share-cGsmmfb)<\/p><p>\u00a0<\/p><p style=\"text-align: center;\">Taxiunternehmen (Wartezeiten einrechnen &#8211; bestm\u00f6glich vorbestellen):<\/p><p style=\"text-align: center;\">Khan Taxibetrieb Neuhof ( 06655 \/ 9 87 77 30)<\/p><p style=\"text-align: center;\">Taxi Boest Salm\u00fcnster ( 06661 \u2013 4660 )<\/p>\t\t\t\t\t\t\t\t<\/div>\n\t\t\t\t<\/div>\n\t\t\t\t<div class=\"elementor-element elementor-element-59d0564 elementor-widget elementor-widget-image\" data-id=\"59d0564\" data-element_type=\"widget\" data-widget_type=\"image.default\">\n\t\t\t\t<div class=\"elementor-widget-container\">\n\t\t\t\t\t\t\t\t\t\t\t\t\t\t\t<img fetchpriority=\"high\" decoding=\"async\" width=\"992\" height=\"1024\" src=\"https:\/\/diefamiliehummel.de\/wp-content\/uploads\/2025\/09\/b-992x1024.jpg\" class=\"attachment-large size-large wp-image-455\" alt=\"\" srcset=\"https:\/\/diefamiliehummel.de\/wp-content\/uploads\/2025\/09\/b-992x1024.jpg 992w, https:\/\/diefamiliehummel.de\/wp-content\/uploads\/2025\/09\/b-291x300.jpg 291w, https:\/\/diefamiliehummel.de\/wp-content\/uploads\/2025\/09\/b-768x793.jpg 768w, https:\/\/diefamiliehummel.de\/wp-content\/uploads\/2025\/09\/b-1489x1536.jpg 1489w, https:\/\/diefamiliehummel.de\/wp-content\/uploads\/2025\/09\/b-1985x2048.jpg 1985w\" sizes=\"(max-width: 992px) 100vw, 992px\" \/>\t\t\t\t\t\t\t\t\t\t\t\t\t\t\t<\/div>\n\t\t\t\t<\/div>\n\t\t<div class=\"elementor-element elementor-element-01e351a e-con-full e-flex e-con e-child\" data-id=\"01e351a\" data-element_type=\"container\">\n\t\t\t\t<div class=\"elementor-element elementor-element-470c5c9 elementor-widget elementor-widget-image\" data-id=\"470c5c9\" data-element_type=\"widget\" data-widget_type=\"image.default\">\n\t\t\t\t<div class=\"elementor-widget-container\">\n\t\t\t\t\t\t\t\t\t\t\t\t\t\t\t<img decoding=\"async\" width=\"992\" height=\"1024\" src=\"https:\/\/diefamiliehummel.de\/wp-content\/uploads\/2025\/09\/a-992x1024.jpg\" class=\"attachment-large size-large wp-image-454\" alt=\"\" srcset=\"https:\/\/diefamiliehummel.de\/wp-content\/uploads\/2025\/09\/a-992x1024.jpg 992w, https:\/\/diefamiliehummel.de\/wp-content\/uploads\/2025\/09\/a-291x300.jpg 291w, https:\/\/diefamiliehummel.de\/wp-content\/uploads\/2025\/09\/a-768x793.jpg 768w, https:\/\/diefamiliehummel.de\/wp-content\/uploads\/2025\/09\/a-1489x1536.jpg 1489w, https:\/\/diefamiliehummel.de\/wp-content\/uploads\/2025\/09\/a-1985x2048.jpg 1985w\" sizes=\"(max-width: 992px) 100vw, 992px\" \/>\t\t\t\t\t\t\t\t\t\t\t\t\t\t\t<\/div>\n\t\t\t\t<\/div>\n\t\t\t\t<\/div>\n\t\t\t\t\t<\/div>\n\t\t\t\t<\/div>\n\t\t<div class=\"elementor-element elementor-element-7b10e94 e-flex e-con-boxed e-con e-parent\" data-id=\"7b10e94\" data-element_type=\"container\">\n\t\t\t\t\t<div class=\"e-con-inner\">\n\t\t\t\t\t<\/div>\n\t\t\t\t<\/div>\n\t\t<div class=\"elementor-element elementor-element-6eae80b e-flex e-con-boxed e-con e-parent\" data-id=\"6eae80b\" data-element_type=\"container\">\n\t\t\t\t\t<div class=\"e-con-inner\">\n\t\t\t\t\t<\/div>\n\t\t\t\t<\/div>\n\t\t<div class=\"elementor-element elementor-element-bf2a253 e-flex e-con-boxed e-con e-parent\" data-id=\"bf2a253\" data-element_type=\"container\">\n\t\t\t\t\t<div class=\"e-con-inner\">\n\t\t\t\t<div class=\"elementor-element elementor-element-a7f17fe elementor-widget elementor-widget-heading\" data-id=\"a7f17fe\" data-element_type=\"widget\" data-widget_type=\"heading.default\">\n\t\t\t\t<div class=\"elementor-widget-container\">\n\t\t\t\t\t<h2 class=\"elementor-heading-title elementor-size-default\">Adresse Standesamt<\/h2>\t\t\t\t<\/div>\n\t\t\t\t<\/div>\n\t\t\t\t\t<\/div>\n\t\t\t\t<\/div>\n\t\t<div class=\"elementor-element elementor-element-bb6e75e e-flex e-con-boxed e-con e-parent\" data-id=\"bb6e75e\" data-element_type=\"container\">\n\t\t\t\t\t<div class=\"e-con-inner\">\n\t\t\t\t<div class=\"elementor-element elementor-element-d6c32ab elementor-widget elementor-widget-google_maps\" data-id=\"d6c32ab\" data-element_type=\"widget\" data-widget_type=\"google_maps.default\">\n\t\t\t\t<div class=\"elementor-widget-container\">\n\t\t\t\t\t\t\t<div class=\"elementor-custom-embed\">\n\t\t\t<iframe loading=\"lazy\"\n\t\t\t\t\tsrc=\"https:\/\/maps.google.com\/maps?q=Standesamt%20W%C3%A4chtersbach&#038;t=m&#038;z=18&#038;output=embed&#038;iwloc=near\"\n\t\t\t\t\ttitle=\"Standesamt W\u00e4chtersbach\"\n\t\t\t\t\taria-label=\"Standesamt W\u00e4chtersbach\"\n\t\t\t><\/iframe>\n\t\t<\/div>\n\t\t\t\t\t\t<\/div>\n\t\t\t\t<\/div>\n\t\t\t\t<div class=\"elementor-element elementor-element-6a9f190 elementor-widget elementor-widget-heading\" data-id=\"6a9f190\" data-element_type=\"widget\" data-widget_type=\"heading.default\">\n\t\t\t\t<div class=\"elementor-widget-container\">\n\t\t\t\t\t<h2 class=\"elementor-heading-title elementor-size-default\">Am Schloss 1, 63607 W\u00e4chtersbach<\/h2>\t\t\t\t<\/div>\n\t\t\t\t<\/div>\n\t\t\t\t<div class=\"elementor-element elementor-element-52aec53 elementor-widget-divider--view-line elementor-widget elementor-widget-divider\" data-id=\"52aec53\" data-element_type=\"widget\" data-widget_type=\"divider.default\">\n\t\t\t\t<div class=\"elementor-widget-container\">\n\t\t\t\t\t\t\t<div class=\"elementor-divider\">\n\t\t\t<span class=\"elementor-divider-separator\">\n\t\t\t\t\t\t<\/span>\n\t\t<\/div>\n\t\t\t\t\t\t<\/div>\n\t\t\t\t<\/div>\n\t\t\t\t\t<\/div>\n\t\t\t\t<\/div>\n\t\t<div class=\"elementor-element elementor-element-d868a12 e-flex e-con-boxed e-con e-parent\" data-id=\"d868a12\" data-element_type=\"container\">\n\t\t\t\t\t<div class=\"e-con-inner\">\n\t\t\t\t<div class=\"elementor-element elementor-element-968d65b elementor-widget elementor-widget-heading\" data-id=\"968d65b\" data-element_type=\"widget\" data-widget_type=\"heading.default\">\n\t\t\t\t<div class=\"elementor-widget-container\">\n\t\t\t\t\t<h2 class=\"elementor-heading-title elementor-size-default\">Adresse Location<\/h2>\t\t\t\t<\/div>\n\t\t\t\t<\/div>\n\t\t\t\t<div class=\"elementor-element elementor-element-951f104 elementor-widget elementor-widget-google_maps\" data-id=\"951f104\" data-element_type=\"widget\" data-widget_type=\"google_maps.default\">\n\t\t\t\t<div class=\"elementor-widget-container\">\n\t\t\t\t\t\t\t<div class=\"elementor-custom-embed\">\n\t\t\t<iframe loading=\"lazy\"\n\t\t\t\t\tsrc=\"https:\/\/maps.google.com\/maps?q=R%C3%BCckerser%20Str.%2013%2C%2036381%20Schl%C3%BCchtern-HUTTEN%E2%80%8B&#038;t=m&#038;z=19&#038;output=embed&#038;iwloc=near\"\n\t\t\t\t\ttitle=\"R\u00fcckerser Str. 13, 36381 Schl\u00fcchtern-HUTTEN\u200b\"\n\t\t\t\t\taria-label=\"R\u00fcckerser Str. 13, 36381 Schl\u00fcchtern-HUTTEN\u200b\"\n\t\t\t><\/iframe>\n\t\t<\/div>\n\t\t\t\t\t\t<\/div>\n\t\t\t\t<\/div>\n\t\t\t\t<div class=\"elementor-element elementor-element-2b1f6ec elementor-widget elementor-widget-heading\" data-id=\"2b1f6ec\" data-element_type=\"widget\" data-widget_type=\"heading.default\">\n\t\t\t\t<div class=\"elementor-widget-container\">\n\t\t\t\t\t<h2 class=\"elementor-heading-title elementor-size-default\">R\u00fcckerser Str. 13, 36381 Schl\u00fcchtern-HUTTEN<\/h2>\t\t\t\t<\/div>\n\t\t\t\t<\/div>\n\t\t\t\t<div class=\"elementor-element elementor-element-4ccf3ee elementor-widget-divider--view-line elementor-widget elementor-widget-divider\" data-id=\"4ccf3ee\" data-element_type=\"widget\" data-widget_type=\"divider.default\">\n\t\t\t\t<div class=\"elementor-widget-container\">\n\t\t\t\t\t\t\t<div class=\"elementor-divider\">\n\t\t\t<span class=\"elementor-divider-separator\">\n\t\t\t\t\t\t<\/span>\n\t\t<\/div>\n\t\t\t\t\t\t<\/div>\n\t\t\t\t<\/div>\n\t\t\t\t\t<\/div>\n\t\t\t\t<\/div>\n\t\t<div class=\"elementor-element elementor-element-62ae289 e-flex e-con-boxed e-con e-parent\" data-id=\"62ae289\" data-element_type=\"container\">\n\t\t\t\t\t<div class=\"e-con-inner\">\n\t\t\t\t<div class=\"elementor-element elementor-element-54f6930 elementor-widget elementor-widget-heading\" data-id=\"54f6930\" data-element_type=\"widget\" data-widget_type=\"heading.default\">\n\t\t\t\t<div class=\"elementor-widget-container\">\n\t\t\t\t\t<h2 class=\"elementor-heading-title elementor-size-default\">Adresse Parkplatz<\/h2>\t\t\t\t<\/div>\n\t\t\t\t<\/div>\n\t\t\t\t<div class=\"elementor-element elementor-element-d1656fc elementor-widget elementor-widget-google_maps\" data-id=\"d1656fc\" data-element_type=\"widget\" data-widget_type=\"google_maps.default\">\n\t\t\t\t<div class=\"elementor-widget-container\">\n\t\t\t\t\t\t\t<div class=\"elementor-custom-embed\">\n\t\t\t<iframe loading=\"lazy\"\n\t\t\t\t\tsrc=\"https:\/\/maps.google.com\/maps?q=Buchweg%203%2C%2036381%20Schl%C3%BCchtern-HUTTEN%E2%80%8B&#038;t=m&#038;z=19&#038;output=embed&#038;iwloc=near\"\n\t\t\t\t\ttitle=\"Buchweg 3, 36381 Schl\u00fcchtern-HUTTEN\u200b\"\n\t\t\t\t\taria-label=\"Buchweg 3, 36381 Schl\u00fcchtern-HUTTEN\u200b\"\n\t\t\t><\/iframe>\n\t\t<\/div>\n\t\t\t\t\t\t<\/div>\n\t\t\t\t<\/div>\n\t\t\t\t<div class=\"elementor-element elementor-element-e4d2c8c elementor-widget elementor-widget-heading\" data-id=\"e4d2c8c\" data-element_type=\"widget\" data-widget_type=\"heading.default\">\n\t\t\t\t<div class=\"elementor-widget-container\">\n\t\t\t\t\t<h2 class=\"elementor-heading-title elementor-size-default\">Buchweg 3, 36381 Schl\u00fcchtern-HUTTEN<br>(Auf der Wiese)<\/h2>\t\t\t\t<\/div>\n\t\t\t\t<\/div>\n\t\t\t\t<div class=\"elementor-element elementor-element-45ffe6e elementor-widget-divider--view-line elementor-widget elementor-widget-divider\" data-id=\"45ffe6e\" data-element_type=\"widget\" data-widget_type=\"divider.default\">\n\t\t\t\t<div class=\"elementor-widget-container\">\n\t\t\t\t\t\t\t<div class=\"elementor-divider\">\n\t\t\t<span class=\"elementor-divider-separator\">\n\t\t\t\t\t\t<\/span>\n\t\t<\/div>\n\t\t\t\t\t\t<\/div>\n\t\t\t\t<\/div>\n\t\t\t\t\t<\/div>\n\t\t\t\t<\/div>\n\t\t<div class=\"elementor-element elementor-element-961b8fc e-flex e-con-boxed e-con e-parent\" data-id=\"961b8fc\" data-element_type=\"container\">\n\t\t\t\t\t<div class=\"e-con-inner\">\n\t\t\t\t\t<\/div>\n\t\t\t\t<\/div>\n\t\t\t\t<\/div>\n\t\t","protected":false},"excerpt":{"rendered":"<p>Wichtiger Hinweis f\u00fcr unsere G\u00e4ste von weiter entfernt: Ein Shuttle-Service bringt euch Sicher zu eurer Unterkunft in der n\u00e4heren Umgebung oder zum Bahnhof Schl\u00fcchtern oder Bahnhof Flieden Unterk\u00fcnfte in n\u00e4herer Umgebung: &#8211; SL\u00dc-Hotels (https:\/\/slue-hotel.de\/) &#8211; Zum Ochsen Flieden (https:\/\/www.booking.com\/Share-cGsmmfb) \u00a0 Taxiunternehmen (Wartezeiten einrechnen &#8211; bestm\u00f6glich vorbestellen): Khan Taxibetrieb Neuhof ( 06655 \/ 9 87 77<\/p>\n","protected":false},"author":1,"featured_media":0,"parent":0,"menu_order":0,"comment_status":"closed","ping_status":"closed","template":"elementor_header_footer","meta":{"footnotes":""},"class_list":["post-439","page","type-page","status-publish","hentry"],"_links":{"self":[{"href":"https:\/\/diefamiliehummel.de\/index.php\/wp-json\/wp\/v2\/pages\/439","targetHints":{"allow":["GET"]}}],"collection":[{"href":"https:\/\/diefamiliehummel.de\/index.php\/wp-json\/wp\/v2\/pages"}],"about":[{"href":"https:\/\/diefamiliehummel.de\/index.php\/wp-json\/wp\/v2\/types\/page"}],"author":[{"embeddable":true,"href":"https:\/\/diefamiliehummel.de\/index.php\/wp-json\/wp\/v2\/users\/1"}],"replies":[{"embeddable":true,"href":"https:\/\/diefamiliehummel.de\/index.php\/wp-json\/wp\/v2\/comments?post=439"}],"version-history":[{"count":32,"href":"https:\/\/diefamiliehummel.de\/index.php\/wp-json\/wp\/v2\/pages\/439\/revisions"}],"predecessor-version":[{"id":486,"href":"https:\/\/diefamiliehummel.de\/index.php\/wp-json\/wp\/v2\/pages\/439\/revisions\/486"}],"wp:attachment":[{"href":"https:\/\/diefamiliehummel.de\/index.php\/wp-json\/wp\/v2\/media?parent=439"}],"curies":[{"name":"wp","href":"https:\/\/api.w.org\/{rel}","templated":true}]}}